{"id":223,"date":"2021-08-17T11:42:32","date_gmt":"2021-08-17T11:42:32","guid":{"rendered":"https:\/\/liceoguatemala.edu.gt\/home\/?page_id=223"},"modified":"2022-09-01T13:38:04","modified_gmt":"2022-09-01T19:38:04","slug":"fundador","status":"publish","type":"page","link":"https:\/\/liceoguatemala.edu.gt\/home\/quienes-somos\/fundador\/","title":{"rendered":"Fundador"},"content":{"rendered":"\t\t<div data-elementor-type=\"wp-page\" data-elementor-id=\"223\" class=\"elementor elementor-223\" data-elementor-post-type=\"page\">\n\t\t\t\t\t\t<section class=\"elementor-section elementor-top-section elementor-element elementor-element-de6e01b elementor-section-full_width elementor-section-height-default elementor-section-height-default\" data-id=\"de6e01b\" data-element_type=\"section\" data-e-type=\"section\" data-settings=\"{&quot;background_background&quot;:&quot;classic&quot;}\">\n\t\t\t\t\t\t<div class=\"elementor-container elementor-column-gap-no\">\n\t\t\t\t\t<div class=\"elementor-column elementor-col-100 elementor-top-column elementor-element elementor-element-20aecf7\" data-id=\"20aecf7\" data-element_type=\"column\" data-e-type=\"column\">\n\t\t\t<div class=\"elementor-widget-wrap elementor-element-populated\">\n\t\t\t\t\t\t<section class=\"elementor-section elementor-inner-section elementor-element elementor-element-04b85df elementor-section-boxed elementor-section-height-default elementor-section-height-default elementor-invisible\" data-id=\"04b85df\" data-element_type=\"section\" data-e-type=\"section\" data-settings=\"{&quot;motion_fx_motion_fx_scrolling&quot;:&quot;yes&quot;,&quot;animation&quot;:&quot;slideInRight&quot;,&quot;motion_fx_devices&quot;:[&quot;desktop&quot;,&quot;tablet&quot;,&quot;mobile&quot;]}\">\n\t\t\t\t\t\t<div class=\"elementor-container elementor-column-gap-default\">\n\t\t\t\t\t<div class=\"elementor-column elementor-col-100 elementor-inner-column elementor-element elementor-element-a432ff0\" data-id=\"a432ff0\" data-element_type=\"column\" data-e-type=\"column\">\n\t\t\t<div class=\"elementor-widget-wrap elementor-element-populated\">\n\t\t\t\t\t\t<div class=\"elementor-element elementor-element-e922189 elementor-widget__width-initial elementor-widget-mobile__width-initial elementor-widget elementor-widget-image\" data-id=\"e922189\" data-element_type=\"widget\" data-e-type=\"widget\" data-widget_type=\"image.default\">\n\t\t\t\t<div class=\"elementor-widget-container\">\n\t\t\t\t\t\t\t\t\t\t\t\t\t\t\t<img decoding=\"async\" width=\"13\" height=\"40\" src=\"https:\/\/liceoguatemala.edu.gt\/home\/wp-content\/uploads\/2021\/08\/section.png\" class=\"attachment-full size-full wp-image-86\" alt=\"\" \/>\t\t\t\t\t\t\t\t\t\t\t\t\t\t\t<\/div>\n\t\t\t\t<\/div>\n\t\t\t\t<div class=\"elementor-element elementor-element-b0ad1ff elementor-widget__width-auto elementor-widget elementor-widget-heading\" data-id=\"b0ad1ff\" data-element_type=\"widget\" data-e-type=\"widget\" data-widget_type=\"heading.default\">\n\t\t\t\t<div class=\"elementor-widget-container\">\n\t\t\t\t\t<h2 class=\"elementor-heading-title elementor-size-default\">FUNDADOR<\/h2>\t\t\t\t<\/div>\n\t\t\t\t<\/div>\n\t\t\t\t\t<\/div>\n\t\t<\/div>\n\t\t\t\t\t<\/div>\n\t\t<\/section>\n\t\t\t\t\t<\/div>\n\t\t<\/div>\n\t\t\t\t\t<\/div>\n\t\t<\/section>\n\t\t\t\t<section class=\"elementor-section elementor-top-section elementor-element elementor-element-19c942e elementor-section-full_width elementor-section-height-default elementor-section-height-default\" data-id=\"19c942e\" data-element_type=\"section\" data-e-type=\"section\">\n\t\t\t\t\t\t<div class=\"elementor-container elementor-column-gap-no\">\n\t\t\t\t\t<div class=\"elementor-column elementor-col-100 elementor-top-column elementor-element elementor-element-5158cb7\" data-id=\"5158cb7\" data-element_type=\"column\" data-e-type=\"column\">\n\t\t\t<div class=\"elementor-widget-wrap elementor-element-populated\">\n\t\t\t\t\t\t<div class=\"elementor-element elementor-element-8bc2258 elementor-widget elementor-widget-image\" data-id=\"8bc2258\" data-element_type=\"widget\" data-e-type=\"widget\" data-widget_type=\"image.default\">\n\t\t\t\t<div class=\"elementor-widget-container\">\n\t\t\t\t\t\t\t\t\t\t\t\t\t\t\t<img fetchpriority=\"high\" decoding=\"async\" width=\"1979\" height=\"789\" src=\"https:\/\/liceoguatemala.edu.gt\/home\/wp-content\/uploads\/2022\/08\/BANNER-FUNDADOR.jpeg\" class=\"attachment-full size-full wp-image-3302\" alt=\"\" srcset=\"https:\/\/liceoguatemala.edu.gt\/home\/wp-content\/uploads\/2022\/08\/BANNER-FUNDADOR.jpeg 1979w, https:\/\/liceoguatemala.edu.gt\/home\/wp-content\/uploads\/2022\/08\/BANNER-FUNDADOR-300x120.jpeg 300w, https:\/\/liceoguatemala.edu.gt\/home\/wp-content\/uploads\/2022\/08\/BANNER-FUNDADOR-1024x408.jpeg 1024w, https:\/\/liceoguatemala.edu.gt\/home\/wp-content\/uploads\/2022\/08\/BANNER-FUNDADOR-768x306.jpeg 768w, https:\/\/liceoguatemala.edu.gt\/home\/wp-content\/uploads\/2022\/08\/BANNER-FUNDADOR-1536x612.jpeg 1536w\" sizes=\"(max-width: 1979px) 100vw, 1979px\" \/>\t\t\t\t\t\t\t\t\t\t\t\t\t\t\t<\/div>\n\t\t\t\t<\/div>\n\t\t\t\t\t<\/div>\n\t\t<\/div>\n\t\t\t\t\t<\/div>\n\t\t<\/section>\n\t\t\t\t<section class=\"elementor-section elementor-top-section elementor-element elementor-element-2c0141d elementor-section-boxed elementor-section-height-default elementor-section-height-default\" data-id=\"2c0141d\" data-element_type=\"section\" data-e-type=\"section\">\n\t\t\t\t\t\t<div class=\"elementor-container elementor-column-gap-default\">\n\t\t\t\t\t<div class=\"elementor-column elementor-col-100 elementor-top-column elementor-element elementor-element-d6b50f8\" data-id=\"d6b50f8\" data-element_type=\"column\" data-e-type=\"column\">\n\t\t\t<div class=\"elementor-widget-wrap elementor-element-populated\">\n\t\t\t\t\t\t<div class=\"elementor-element elementor-element-848084f elementor-widget elementor-widget-text-editor\" data-id=\"848084f\" data-element_type=\"widget\" data-e-type=\"widget\" data-widget_type=\"text-editor.default\">\n\t\t\t\t<div class=\"elementor-widget-container\">\n\t\t\t\t\t\t\t\t\t<p>Marcelino Champagnat, sacerdote franc\u00e9s, es el fundador del Instituto de los Hermanos Maristas. \u00c9l se apasionaba por Dios y se entregaba con entusiasmo a favor de los ni\u00f1os y j\u00f3venes, especialmente los m\u00e1s necesitados.<\/p><p>Marcelino, al ver a ni\u00f1os y j\u00f3venes sin educaci\u00f3n ni catecismo, exclama: \u00abNecesitamos hermanos\u00bb. El 2 de enero de 1817 inicia con dos j\u00f3venes el proyecto del Instituto de los Hermanitos de Mar\u00eda. Una comunidad internacional de hermanos y laicos de todo el mundo continuamos hoy en d\u00eda su sue\u00f1o.<\/p><p>Los hermanos maristas son religiosos consagrados a Dios, que siguen a Jes\u00fas al estilo de Mar\u00eda, que viven en comunidad y que se dedican especialmente a la educaci\u00f3n de los ni\u00f1os y de los j\u00f3venes.<\/p><p>Para conocer m\u00e1s visita este link: <a href=\"https:\/\/champagnat.org\/es\/instituto-marista-2\/\" target=\"_blank\" rel=\"noopener\">Hermanos Maristas &#8211; Champagnat.org<\/a><\/p><p><img decoding=\"async\" class=\"alignnone size-full wp-image-3304 aligncenter\" src=\"https:\/\/liceoguatemala.edu.gt\/home\/wp-content\/uploads\/2022\/08\/Marcelino.jpg\" alt=\"\" width=\"160\" height=\"240\" \/><\/p>\t\t\t\t\t\t\t\t<\/div>\n\t\t\t\t<\/div>\n\t\t\t\t\t<\/div>\n\t\t<\/div>\n\t\t\t\t\t<\/div>\n\t\t<\/section>\n\t\t\t\t<\/div>\n\t\t","protected":false},"excerpt":{"rendered":"<p>FUNDADOR Marcelino Champagnat, sacerdote franc\u00e9s, es el fundador del Instituto de los Hermanos Maristas. \u00c9l se apasionaba por Dios y se entregaba con entusiasmo a favor de los ni\u00f1os y j\u00f3venes, especialmente los m\u00e1s necesitados. Marcelino, al ver a ni\u00f1os y j\u00f3venes sin educaci\u00f3n ni catecismo, exclama: \u00abNecesitamos hermanos\u00bb. El 2 de enero de 1817 [&hellip;]<\/p>\n","protected":false},"author":4,"featured_media":0,"parent":1788,"menu_order":3,"comment_status":"closed","ping_status":"closed","template":"","meta":{"_monsterinsights_skip_tracking":false,"_monsterinsights_sitenote_active":false,"_monsterinsights_sitenote_note":"","_monsterinsights_sitenote_category":0,"footnotes":""},"class_list":["post-223","page","type-page","status-publish","hentry"],"_links":{"self":[{"href":"https:\/\/liceoguatemala.edu.gt\/home\/wp-json\/wp\/v2\/pages\/223","targetHints":{"allow":["GET"]}}],"collection":[{"href":"https:\/\/liceoguatemala.edu.gt\/home\/wp-json\/wp\/v2\/pages"}],"about":[{"href":"https:\/\/liceoguatemala.edu.gt\/home\/wp-json\/wp\/v2\/types\/page"}],"author":[{"embeddable":true,"href":"https:\/\/liceoguatemala.edu.gt\/home\/wp-json\/wp\/v2\/users\/4"}],"replies":[{"embeddable":true,"href":"https:\/\/liceoguatemala.edu.gt\/home\/wp-json\/wp\/v2\/comments?post=223"}],"version-history":[{"count":36,"href":"https:\/\/liceoguatemala.edu.gt\/home\/wp-json\/wp\/v2\/pages\/223\/revisions"}],"predecessor-version":[{"id":3743,"href":"https:\/\/liceoguatemala.edu.gt\/home\/wp-json\/wp\/v2\/pages\/223\/revisions\/3743"}],"up":[{"embeddable":true,"href":"https:\/\/liceoguatemala.edu.gt\/home\/wp-json\/wp\/v2\/pages\/1788"}],"wp:attachment":[{"href":"https:\/\/liceoguatemala.edu.gt\/home\/wp-json\/wp\/v2\/media?parent=223"}],"curies":[{"name":"wp","href":"https:\/\/api.w.org\/{rel}","templated":true}]}}