{"id":1830,"date":"2022-03-07T07:42:15","date_gmt":"2022-03-07T13:42:15","guid":{"rendered":"https:\/\/liceoguatemala.edu.gt\/home\/?page_id=1830"},"modified":"2022-09-01T14:50:03","modified_gmt":"2022-09-01T20:50:03","slug":"programas","status":"publish","type":"page","link":"https:\/\/liceoguatemala.edu.gt\/home\/academica\/programas\/","title":{"rendered":"Programas"},"content":{"rendered":"\t\t<div data-elementor-type=\"wp-page\" data-elementor-id=\"1830\" class=\"elementor elementor-1830\" data-elementor-post-type=\"page\">\n\t\t\t\t\t\t<section class=\"elementor-section elementor-top-section elementor-element elementor-element-de6e01b elementor-section-full_width elementor-section-height-default elementor-section-height-default\" data-id=\"de6e01b\" data-element_type=\"section\" data-e-type=\"section\" data-settings=\"{&quot;background_background&quot;:&quot;classic&quot;}\">\n\t\t\t\t\t\t<div class=\"elementor-container elementor-column-gap-no\">\n\t\t\t\t\t<div class=\"elementor-column elementor-col-100 elementor-top-column elementor-element elementor-element-20aecf7\" data-id=\"20aecf7\" data-element_type=\"column\" data-e-type=\"column\">\n\t\t\t<div class=\"elementor-widget-wrap elementor-element-populated\">\n\t\t\t\t\t\t<section class=\"elementor-section elementor-inner-section elementor-element elementor-element-04b85df elementor-section-boxed elementor-section-height-default elementor-section-height-default elementor-invisible\" data-id=\"04b85df\" data-element_type=\"section\" data-e-type=\"section\" data-settings=\"{&quot;motion_fx_motion_fx_scrolling&quot;:&quot;yes&quot;,&quot;animation&quot;:&quot;slideInRight&quot;,&quot;motion_fx_devices&quot;:[&quot;desktop&quot;,&quot;tablet&quot;,&quot;mobile&quot;]}\">\n\t\t\t\t\t\t<div class=\"elementor-container elementor-column-gap-default\">\n\t\t\t\t\t<div class=\"elementor-column elementor-col-100 elementor-inner-column elementor-element elementor-element-a432ff0\" data-id=\"a432ff0\" data-element_type=\"column\" data-e-type=\"column\">\n\t\t\t<div class=\"elementor-widget-wrap elementor-element-populated\">\n\t\t\t\t\t\t<div class=\"elementor-element elementor-element-e922189 elementor-widget__width-initial elementor-widget-mobile__width-initial elementor-widget elementor-widget-image\" data-id=\"e922189\" data-element_type=\"widget\" data-e-type=\"widget\" data-widget_type=\"image.default\">\n\t\t\t\t<div class=\"elementor-widget-container\">\n\t\t\t\t\t\t\t\t\t\t\t\t\t\t\t<img decoding=\"async\" width=\"13\" height=\"40\" src=\"https:\/\/liceoguatemala.edu.gt\/home\/wp-content\/uploads\/2021\/08\/section.png\" class=\"attachment-full size-full wp-image-86\" alt=\"\" \/>\t\t\t\t\t\t\t\t\t\t\t\t\t\t\t<\/div>\n\t\t\t\t<\/div>\n\t\t\t\t<div class=\"elementor-element elementor-element-b0ad1ff elementor-widget__width-auto elementor-widget elementor-widget-heading\" data-id=\"b0ad1ff\" data-element_type=\"widget\" data-e-type=\"widget\" data-widget_type=\"heading.default\">\n\t\t\t\t<div class=\"elementor-widget-container\">\n\t\t\t\t\t<h2 class=\"elementor-heading-title elementor-size-default\">PROGRAMAS<\/h2>\t\t\t\t<\/div>\n\t\t\t\t<\/div>\n\t\t\t\t\t<\/div>\n\t\t<\/div>\n\t\t\t\t\t<\/div>\n\t\t<\/section>\n\t\t\t\t\t<\/div>\n\t\t<\/div>\n\t\t\t\t\t<\/div>\n\t\t<\/section>\n\t\t\t\t<section class=\"elementor-section elementor-top-section elementor-element elementor-element-19c942e elementor-section-full_width elementor-section-height-default elementor-section-height-default\" data-id=\"19c942e\" data-element_type=\"section\" data-e-type=\"section\">\n\t\t\t\t\t\t<div class=\"elementor-container elementor-column-gap-no\">\n\t\t\t\t\t<div class=\"elementor-column elementor-col-100 elementor-top-column elementor-element elementor-element-5158cb7\" data-id=\"5158cb7\" data-element_type=\"column\" data-e-type=\"column\">\n\t\t\t<div class=\"elementor-widget-wrap elementor-element-populated\">\n\t\t\t\t\t\t<div class=\"elementor-element elementor-element-8bc2258 elementor-widget elementor-widget-image\" data-id=\"8bc2258\" data-element_type=\"widget\" data-e-type=\"widget\" data-widget_type=\"image.default\">\n\t\t\t\t<div class=\"elementor-widget-container\">\n\t\t\t\t\t\t\t\t\t\t\t\t\t\t\t<img fetchpriority=\"high\" decoding=\"async\" width=\"1979\" height=\"789\" src=\"https:\/\/liceoguatemala.edu.gt\/home\/wp-content\/uploads\/2022\/09\/BANNER-Programas.jpg\" class=\"attachment-full size-full wp-image-3770\" alt=\"\" srcset=\"https:\/\/liceoguatemala.edu.gt\/home\/wp-content\/uploads\/2022\/09\/BANNER-Programas.jpg 1979w, https:\/\/liceoguatemala.edu.gt\/home\/wp-content\/uploads\/2022\/09\/BANNER-Programas-300x120.jpg 300w, https:\/\/liceoguatemala.edu.gt\/home\/wp-content\/uploads\/2022\/09\/BANNER-Programas-1024x408.jpg 1024w, https:\/\/liceoguatemala.edu.gt\/home\/wp-content\/uploads\/2022\/09\/BANNER-Programas-768x306.jpg 768w, https:\/\/liceoguatemala.edu.gt\/home\/wp-content\/uploads\/2022\/09\/BANNER-Programas-1536x612.jpg 1536w\" sizes=\"(max-width: 1979px) 100vw, 1979px\" \/>\t\t\t\t\t\t\t\t\t\t\t\t\t\t\t<\/div>\n\t\t\t\t<\/div>\n\t\t\t\t\t<\/div>\n\t\t<\/div>\n\t\t\t\t\t<\/div>\n\t\t<\/section>\n\t\t\t\t<section class=\"elementor-section elementor-top-section elementor-element elementor-element-2c0141d elementor-section-boxed elementor-section-height-default elementor-section-height-default\" data-id=\"2c0141d\" data-element_type=\"section\" data-e-type=\"section\">\n\t\t\t\t\t\t<div class=\"elementor-container elementor-column-gap-default\">\n\t\t\t\t\t<div class=\"elementor-column elementor-col-100 elementor-top-column elementor-element elementor-element-d6b50f8\" data-id=\"d6b50f8\" data-element_type=\"column\" data-e-type=\"column\">\n\t\t\t<div class=\"elementor-widget-wrap elementor-element-populated\">\n\t\t\t\t\t\t<div class=\"elementor-element elementor-element-848084f elementor-widget elementor-widget-text-editor\" data-id=\"848084f\" data-element_type=\"widget\" data-e-type=\"widget\" data-widget_type=\"text-editor.default\">\n\t\t\t\t<div class=\"elementor-widget-container\">\n\t\t\t\t\t\t\t\t\t<p><strong>1. Liceo por las tardes:<\/strong> este programa busca ofrecer al padre de familia y al alumno la oportunidad de complementar su formaci\u00f3n de car\u00e1cter integral, garantizando el aprovechamiento del tiempo de aquellos alumnos que por voluntad propia o por necesidad deciden quedarse en horas de la tarde en el colegio.<\/p><p><strong>2. Formaci\u00f3n de padres:<\/strong> coordinado por nuestro equipo de consejeras escolares, su prop\u00f3sito es incrementar la informaci\u00f3n, el conocimiento y las habilidades de los padres para atender las necesidades de sus hijos e hijas a lo largo de su crecimiento.<\/p><p><strong>3. Programa de fortalecimiento de destrezas:<\/strong> atendido por maestras de apoyo que acompa\u00f1an el fortalecimiento de destrezas para alumnos y alumnas que lo requieran.<\/p><p><strong>4. Banda Escolar:<\/strong> a trav\u00e9s de ella los integrantes de secundaria pueden aprender a vivir valores como el sentido de pertenencia, civismo, responsabilidad, disciplina, dominio de s\u00ed y gusto por la m\u00fasica.<\/p><p><strong>5. Ludoteca:<\/strong> que por medio del juego estimula en el ni\u00f1o y la ni\u00f1a la capacidad de ser paciente, el asombro, la recreaci\u00f3n, la felicidad, la libertad, la comunicaci\u00f3n, la alegr\u00eda, la creaci\u00f3n, la imaginaci\u00f3n&#8230;<\/p><p><strong>6. Biblioteca infantil:<\/strong> c\u00f3mo opci\u00f3n durante los recreos, nuestros estudiantes pueden visitar el rinc\u00f3n de lectura en el sal\u00f3n de integraci\u00f3n y disfrutar de libros adecuados a su edad.<\/p><p><strong>7. Deporte:<\/strong> desarrolla en los estudiantes las capacidades f\u00edsicas en el \u00e1rea de baloncesto, balonmano, f\u00fatbol, voleibol, f\u00fatbol sala y nataci\u00f3n.<\/p><p><strong>8. Actividades pastorales:<\/strong> desarrollan la capacidad de crecer en valores, descubrir el sentido de sus vidas logrando una formaci\u00f3n moral y espiritual.<\/p><p><strong>9. Solidaridad:<\/strong> la educaci\u00f3n Marista proporciona una formaci\u00f3n que permita y contribuya a promover la sensibilidad social y la solidaridad para con los m\u00e1s necesitados.<\/p><p><strong>10. Integralidad:<\/strong> programa que desarrolla la capacidad de reconocerse desde dentro y relacionarse desde lo aut\u00e9ntico y lo profundo, para poder encontrar el equilibrio personal que da sentido al ser humano.<\/p><p><strong>11. Expresi\u00f3n art\u00edstica:<\/strong> impulsa la expresi\u00f3n de sentimientos, pensamientos e interpretaciones por medios art\u00edsticos como la pl\u00e1stica, teatro, danza y m\u00fasica.<\/p>\t\t\t\t\t\t\t\t<\/div>\n\t\t\t\t<\/div>\n\t\t\t\t\t<\/div>\n\t\t<\/div>\n\t\t\t\t\t<\/div>\n\t\t<\/section>\n\t\t\t\t<\/div>\n\t\t","protected":false},"excerpt":{"rendered":"<p>PROGRAMAS 1. Liceo por las tardes: este programa busca ofrecer al padre de familia y al alumno la oportunidad de complementar su formaci\u00f3n de car\u00e1cter integral, garantizando el aprovechamiento del tiempo de aquellos alumnos que por voluntad propia o por necesidad deciden quedarse en horas de la tarde en el colegio. 2. Formaci\u00f3n de padres: [&hellip;]<\/p>\n","protected":false},"author":4,"featured_media":0,"parent":1818,"menu_order":3,"comment_status":"closed","ping_status":"closed","template":"elementor_header_footer","meta":{"_monsterinsights_skip_tracking":false,"_monsterinsights_sitenote_active":false,"_monsterinsights_sitenote_note":"","_monsterinsights_sitenote_category":0,"footnotes":""},"class_list":["post-1830","page","type-page","status-publish","hentry"],"_links":{"self":[{"href":"https:\/\/liceoguatemala.edu.gt\/home\/wp-json\/wp\/v2\/pages\/1830","targetHints":{"allow":["GET"]}}],"collection":[{"href":"https:\/\/liceoguatemala.edu.gt\/home\/wp-json\/wp\/v2\/pages"}],"about":[{"href":"https:\/\/liceoguatemala.edu.gt\/home\/wp-json\/wp\/v2\/types\/page"}],"author":[{"embeddable":true,"href":"https:\/\/liceoguatemala.edu.gt\/home\/wp-json\/wp\/v2\/users\/4"}],"replies":[{"embeddable":true,"href":"https:\/\/liceoguatemala.edu.gt\/home\/wp-json\/wp\/v2\/comments?post=1830"}],"version-history":[{"count":14,"href":"https:\/\/liceoguatemala.edu.gt\/home\/wp-json\/wp\/v2\/pages\/1830\/revisions"}],"predecessor-version":[{"id":3777,"href":"https:\/\/liceoguatemala.edu.gt\/home\/wp-json\/wp\/v2\/pages\/1830\/revisions\/3777"}],"up":[{"embeddable":true,"href":"https:\/\/liceoguatemala.edu.gt\/home\/wp-json\/wp\/v2\/pages\/1818"}],"wp:attachment":[{"href":"https:\/\/liceoguatemala.edu.gt\/home\/wp-json\/wp\/v2\/media?parent=1830"}],"curies":[{"name":"wp","href":"https:\/\/api.w.org\/{rel}","templated":true}]}}